{"id":2511,"date":"2021-05-20T14:05:19","date_gmt":"2021-05-20T12:05:19","guid":{"rendered":"https:\/\/verhoef.gewoonstaging.nl\/datenschutzerklaerung\/"},"modified":"2022-07-15T15:47:10","modified_gmt":"2022-07-15T13:47:10","slug":"datenschutzerklaerung","status":"publish","type":"page","link":"https:\/\/www.verhoefservice.com\/de\/datenschutzerklaerung\/","title":{"rendered":"Datenschutzerkl\u00e4rung"},"content":{"rendered":"\t\t<div data-elementor-type=\"wp-page\" data-elementor-id=\"2511\" class=\"elementor elementor-2511 elementor-1053\" data-elementor-post-type=\"page\">\n\t\t\t\t\t\t<section class=\"elementor-section elementor-top-section elementor-element elementor-element-caa52b0 elementor-section-height-min-height elementor-section-boxed elementor-section-height-default elementor-section-items-middle\" data-id=\"caa52b0\" data-element_type=\"section\" data-e-type=\"section\" data-settings=\"{&quot;background_background&quot;:&quot;classic&quot;}\">\n\t\t\t\t\t\t\t<div class=\"elementor-background-overlay\"><\/div>\n\t\t\t\t\t\t\t<div class=\"elementor-container elementor-column-gap-default\">\n\t\t\t\t\t<div class=\"elementor-column elementor-col-100 elementor-top-column elementor-element elementor-element-d43a194\" data-id=\"d43a194\" data-element_type=\"column\" data-e-type=\"column\">\n\t\t\t<div class=\"elementor-widget-wrap elementor-element-populated\">\n\t\t\t\t\t\t<div class=\"elementor-element elementor-element-bc5c234 elementor-widget elementor-widget-heading\" data-id=\"bc5c234\" data-element_type=\"widget\" data-e-type=\"widget\" data-widget_type=\"heading.default\">\n\t\t\t\t<div class=\"elementor-widget-container\">\n\t\t\t\t\t<h1 class=\"elementor-heading-title elementor-size-default\">Datenschutzerkl\u00e4rung<\/h1>\t\t\t\t<\/div>\n\t\t\t\t<\/div>\n\t\t\t\t\t<\/div>\n\t\t<\/div>\n\t\t\t\t\t<\/div>\n\t\t<\/section>\n\t\t\t\t<section class=\"elementor-section elementor-top-section elementor-element elementor-element-92a016e elementor-section-boxed elementor-section-height-default elementor-section-height-default\" data-id=\"92a016e\" data-element_type=\"section\" data-e-type=\"section\">\n\t\t\t\t\t\t<div class=\"elementor-container elementor-column-gap-default\">\n\t\t\t\t\t<div class=\"elementor-column elementor-col-100 elementor-top-column elementor-element elementor-element-71b6660\" data-id=\"71b6660\" data-element_type=\"column\" data-e-type=\"column\">\n\t\t\t<div class=\"elementor-widget-wrap elementor-element-populated\">\n\t\t\t\t\t\t<div class=\"elementor-element elementor-element-47d6ad4 elementor-widget elementor-widget-text-editor\" data-id=\"47d6ad4\" data-element_type=\"widget\" data-e-type=\"widget\" data-widget_type=\"text-editor.default\">\n\t\t\t\t<div class=\"elementor-widget-container\">\n\t\t\t\t\t\t\t\t\t<p>Die Verhoef Service Engineering B.V. legt gro\u00dfen Wert auf den Schutz Ihrer Privatsph\u00e4re. Wir verarbeiten daher nur Daten, die wir f\u00fcr die (Verbesserung) unserer Dienstleistungen ben\u00f6tigen, und wir gehen mit den Informationen, die wir \u00fcber Sie und Ihre Nutzung unserer Dienstleistungen erfasst haben, sorgf\u00e4ltig um. Wir geben Ihre Daten niemals zu kommerziellen Zwecken an Dritte weiter.<\/p><p>Diese Datenschutzerkl\u00e4rung gilt f\u00fcr die Nutzung der Website und der von der Verhoef Service Engineering B.V. angebotenen Dienstleistungen.<\/p><p>Diese Bedingungen gelten ab dem 21.05.2020, mit der Ver\u00f6ffentlichung einer neuen Version wird die G\u00fcltigkeit aller vorherigen Versionen au\u00dfer Kraft gesetzt. In dieser Datenschutzerkl\u00e4rung wird beschrieben, welche Informationen \u00fcber Sie von uns gesammelt werden, wozu diese Informationen verwendet werden und an wen wem und unter welchen Bedingungen diese Informationen an Dritte weitergegeben werden k\u00f6nnen. Wir erl\u00e4utern Ihnen auch, wie wir Ihre Daten speichern und wie wir Ihre Daten vor Missbrauch sch\u00fctzen und welche Rechte Sie in Bezug auf die von Ihnen zur Verf\u00fcgung gestellten personenbezogenen Daten haben.<\/p><p>Wenn Sie Fragen zu unserer Datenschutzpolitik haben, wenden Sie sich bitte an unseren Datenschutzbeauftragten; die Kontaktdaten finden Sie am Ende unserer Datenschutzerkl\u00e4rung.<\/p><p><b>Von uns verarbeitete personenbezogene Daten<\/b><\/p><p>Im Folgenden k\u00f6nnen Sie nachlesen, wie wir Ihre Daten verarbeiten, wo wir sie speichern oder speichern lassen, welche Sicherheitstechniken wir verwenden und f\u00fcr wen die Daten einsehbar sind. Die Verhoef Service Engineering B.V. verarbeitet Ihre personenbezogenen Daten, weil Sie unsere Dienstleistungen in Anspruch nehmen und \/ oder weil Sie diese selbst bereitstellen. Nachstehend finden Sie einen \u00dcberblick \u00fcber die personenbezogenen Daten, die wir verarbeiten:<\/p><p>Vor- und Nachname<br>Adressdaten<br>Telefonnummer<br>E-Mail Adresse<br>Sonstige pers\u00f6nliche und betriebliche Daten, die Sie uns im Schriftverkehr und am Telefon mitteilen<\/p><p> <\/p><h5>Zu welchem Zweck und auf welcher Grundlage verarbeiten wir personenbezogene Daten?<\/h5><p><b>Allgemeiner Zweck der Datenverarbeitung<br><\/b>Wir verwenden Ihre Daten ausschlie\u00dflich zur Erbringung unserer Dienstleistungen. Das bedeutet, dass der Zweck der Verarbeitung immer in direktem Zusammenhang mit dem von Ihnen erteilten Auftrag steht. Wir verwenden Ihre Daten nicht f\u00fcr (gezieltes) Marketing. Wenn Sie uns Informationen zur Verf\u00fcgung stellen und wir diese Informationen verwenden, um Sie zu einem sp\u00e4teren Zeitpunkt zu kontaktieren \u2013 au\u00dfer auf Ihren Wunsch hin -, werden wir Sie ausdr\u00fccklich darum bitten. Ihre Daten werden nicht an Dritte weitergegeben, es sei denn, um buchhalterischen und anderen administrativen Verpflichtungen nachzukommen. Diese Dritten sind aufgrund einer Vereinbarung zwischen ihnen und uns oder aufgrund einer eidlichen oder gesetzlichen Verpflichtung zur Vertraulichkeit verpflichtet.<\/p><p> <\/p><p><b>Die Verhoef Service Engineering B.V. verarbeitet Ihre personenbezogenen Daten f\u00fcr folgende Zwecke:<\/b><\/p><p>Abwicklung Ihrer Zahlung<br>Versendung unseres Newsletters<br>Um Sie anrufen oder Ihnen eine E-Mail senden zu k\u00f6nnen, falls dies zur Ausf\u00fchrung unserer Dienstleistungen erforderlich ist<br>Um Sie \u00fcber \u00c4nderungen an unseren Dienstleistungen und Produkten zu informieren<br>Um Ihnen die M\u00f6glichkeit zu bieten, ein Konto zu erstellen<br>Lieferung von Waren und Dienstleistungen an Sie<br>Die Verhoef Service Engineering B.V. verarbeitet auch Unternehmensdaten, wenn wir gesetzlich dazu verpflichtet sind, wie beispielsweise Informationen, die wir f\u00fcr unsere Steuererkl\u00e4rung ben\u00f6tigen.<\/p><p><b>Automatisierte Entscheidungsfindung<\/b><\/p><p>Die Verhoef Service Engineering B.V. trifft keine Entscheidungen auf der Grundlage automatisierter Verarbeitung in Angelegenheiten, die (erhebliche) Auswirkungen auf Personen haben k\u00f6nnen. Dabei handelt es sich um Entscheidungen, die von Computerprogrammen oder -systemen getroffen werden, ohne dass eine Person (beispielsweise ein Mitarbeiter der Verhoef Service Engineering B.V.) beteiligt ist.<\/p><p> <\/p><p><b>Zusammenarbeit bei Steuer- und Strafermittlungen<\/b><\/p><p>In einigen F\u00e4llen kann die Verhoef Service Engineering B.V. auf der Grundlage einer gesetzlichen Verpflichtung zur Weitergabe Ihrer Daten im Zusammenhang mit staatlichen Steuer- oder Strafermittlungen verpflichtet sein. In einem solchen Fall sind wir gezwungen, Ihre Daten weiterzugeben, wobei wir uns jedoch im Rahmen der gesetzlichen M\u00f6glichkeiten gegen die Weitergabe wehren werden.<\/p><p> <\/p><p><b>Wie lange speichern wir Ihre Daten<\/b><\/p><p>Wir speichern Ihre Daten f\u00fcr die Dauer Ihrer Kundenbeziehung. Das bedeutet, dass wir Ihr Kundenprofil so lange speichern, bis Sie angeben, dass Sie unsere Dienste nicht mehr in Anspruch nehmen m\u00f6chten. Wenn Sie uns dies mitteilen, betrachten wir dies auch als Aufforderung zum L\u00f6schen. Aufgrund geltender Verwaltungsvorschriften m\u00fcssen wir Rechnungen mit Ihren (personenbezogenen) Daten aufbewahren, weshalb wir diese Daten so lange aufbewahren, wie die entsprechende Frist l\u00e4uft. Die Mitarbeiter haben jedoch keinen Zugang mehr zu Ihrem Kundenprofil und den Dokumenten, die wir im Rahmen Ihres Auftrags erstellt haben.<\/p><p>Die Verhoef Service Engineering B.V. speichert Ihre personenbezogenen Daten nur so lange, wie es f\u00fcr die Erreichung der Zwecke, f\u00fcr die Ihre Daten erhoben wurden, unbedingt erforderlich ist. Wir verwenden die folgenden Aufbewahrungsfristen f\u00fcr die folgenden (Kategorien) von personenbezogenen Daten: Wir sind gesetzlich verpflichtet, Ihre Daten f\u00fcr mindestens 7 Jahre aufzubewahren. Dies betrifft die Daten, die wir verwenden, um den Vertrag, den Sie mit uns geschlossen haben, zu erf\u00fcllen.<\/p><p> <\/p><p><b>Weitergabe von personenbezogenen Daten an Dritte<\/b><\/p><p>Die Verhoef Service Engineering B.V. verkauft Ihre Daten nicht an Dritte und gibt sie nur weiter, wenn dies f\u00fcr die Ausf\u00fchrung unseres Vertrags mit Ihnen oder zur Erf\u00fcllung einer gesetzlichen Verpflichtung erforderlich ist. Wir schlie\u00dfen mit Unternehmen, die Ihre Daten in unserem Auftrag verarbeiten, einen Verarbeitungsvertrag ab, um das gleiche Ma\u00df an Sicherheit und Vertraulichkeit Ihrer Daten zu gew\u00e4hrleisten. Die Verhoef Service Engineering B.V. bleibt f\u00fcr diese Verarbeitungen verantwortlich.<\/p><p><b>Reviews \u2013 Google Business<br><\/b>Wir erfassen Bewertungen \u00fcber die Google-Plattform. Wenn Sie eine Bewertung \u00fcber Google abgeben, sind Sie verpflichtet, Ihren Namen und Ihre E-Mail-Adresse anzugeben. Google teilt diese Informationen mit uns, damit wir die Bewertung mit Ihrer Bestellung verkn\u00fcpfen k\u00f6nnen. Google ver\u00f6ffentlicht auch Ihren Namen und Ihren Wohnort auf seiner eigenen Website. In einigen F\u00e4llen kann Google Sie kontaktieren, um Ihre Bewertung zu kl\u00e4ren. Falls wir Sie auffordern, eine Bewertung abzugeben, werden wir Ihren Namen und Ihre E-Mail-Adresse nicht an Google weitergeben.<\/p><p>Google hat angemessene technische und organisatorische Ma\u00dfnahmen ergriffen, um Ihre pers\u00f6nlichen Daten zu sch\u00fctzen. Google beh\u00e4lt sich das Recht vor, Dritte mit der Erbringung des Dienstes zu beauftragen, wozu wir Google unsere Zustimmung erteilt haben. Alle vorgenannten Garantien zum Schutz Ihrer personenbezogenen Daten gelten auch f\u00fcr die Teile des Dienstes, f\u00fcr die Google Dritte beauftragt.<\/p><h5>Von uns verwendete Cookies oder \u00e4hnliche Techniken<\/h5><p>Die Verhoef Service Engineering B.V. verwendet funktionale, analytische und Tracking-Cookies. Ein Cookie ist eine kleine Textdatei, die im Browser Ihres Computers, Tablets oder Smartphones gespeichert wird, wenn Sie diese Website zum ersten Mal besuchen. Die Verhoef Service Engineering B.V. verwendet Cookies mit einer rein technischen Funktion. Diese Cookies stellen sicher, dass die Website ordnungsgem\u00e4\u00df funktioniert und dass Ihre Pr\u00e4ferenzen gespeichert werden. Diese Cookies werden auch verwendet, um das Funktionieren der Website zu gew\u00e4hrleisten und sie zu optimieren. damit wir Ihnen personalisierte Inhalte und Werbung zeigen k\u00f6nnen. Bei Ihrem ersten Besuch auf unserer Website haben wir Sie bereits \u00fcber diese Cookies informiert und um Erlaubnis gebeten, sie zu setzen. Sie k\u00f6nnen Cookies deaktivieren, indem Sie die Einstellungen Ihres Internetbrowsers \u00e4ndern. Au\u00dferdem k\u00f6nnen Sie \u00fcber die Einstellungen Ihres Browsers alle zuvor gespeicherten Informationen l\u00f6schen.<\/p><p>Weitere Informationen finden Sie unter:<br>https:\/\/veiliginternetten.nl\/themes\/situation\/cookies-wat-zijn-het-en-wat-doe-ik-ermee\/<\/p><p> <\/p><h5>Ihre Rechte<\/h5><p>Auf der Grundlage der geltenden niederl\u00e4ndischen und europ\u00e4ischen Rechtsvorschriften haben Sie als betroffene Person bestimmte Rechte in Bezug auf die von uns oder in unserem Auftrag verarbeiteten personenbezogenen Daten. Wir erl\u00e4utern im Folgenden, welche Rechte dies sind und wie Sie diese Rechte geltend machen k\u00f6nnen. Um Missbrauch vorzubeugen, werden wir grunds\u00e4tzlich nur Kopien und Abschriften Ihrer Daten an Ihre bereits bekannte E-Mail-Adresse senden. Falls Sie die<br>Wenn Sie Daten an eine andere E-Mail-Adresse oder beispielsweise per Post erhalten m\u00f6chten, werden wir Sie bitten, sich auszuweisen. Wir f\u00fchren Aufzeichnungen \u00fcber ausgef\u00fcllte Antr\u00e4ge, im Falle eines Antrags auf L\u00f6schung verwalten wir anonyme Daten.<\/p><p>Sie erhalten alle Angaben und Kopien von Daten in dem maschinenlesbaren Datenformat, das wir in unseren Systemen verwenden. Sie haben das Recht, jederzeit eine Beschwerde bei der niederl\u00e4ndischen Datenschutzbeh\u00f6rde einzureichen, wenn Sie vermuten, dass wir Ihre personenbezogenen Daten in unzul\u00e4ssiger Weise verwenden.<\/p><p><b>Recht auf Einsichtnahme<br><\/b>Sie haben jederzeit das Recht, die von uns erhobenen oder verarbeiteten Daten, die sich auf Ihre Person beziehen oder auf Sie zur\u00fcckgef\u00fchrt werden k\u00f6nnen, einzusehen. Sie k\u00f6nnen einen entsprechenden Antrag an unseren Datenschutzbeauftragten richten. Sie erhalten innerhalb von 30 Tagen eine Antwort auf Ihren Antrag. Wenn Ihrem Antrag stattgegeben wird, senden wir Ihnen eine Kopie aller Daten mit einer \u00dcbersicht der Verarbeiter, die \u00fcber diese Daten verf\u00fcgen, an die uns bekannte E-Mail-Adresse, unter Angabe der Kategorie, unter der wir diese Daten gespeichert haben.<\/p><p><b>Recht auf Berichtigung<br><\/b>Sie haben jederzeit das Recht auf Auskunft \u00fcber die von uns erhobenen oder verarbeiteten Daten, die sich auf Ihre Person beziehen oder auf Sie zur\u00fcckgef\u00fchrt werden k\u00f6nnen. Sie k\u00f6nnen einen entsprechenden Antrag an unseren Datenschutzbeauftragten richten. Sie erhalten innerhalb von 30 Tagen eine Antwort auf Ihren Antrag. Wird Ihrem Antrag stattgegeben, senden wir Ihnen an die uns bekannte E-Mail-Adresse eine Best\u00e4tigung, dass die Daten berichtigt wurden.<\/p><p><b>Recht der Einschr\u00e4nkung der Verarbeitung<br><\/b>Sie haben jederzeit das Recht, die Verarbeitung von Daten einzuschr\u00e4nken, die sich auf Ihre Person beziehen oder die sich auf Sie zur\u00fcckf\u00fchren lassen. Sie k\u00f6nnen einen entsprechenden Antrag an unseren Datenschutzbeauftragten richten. Sie erhalten innerhalb von 30 Tagen eine Antwort auf Ihren Antrag. Wenn Ihrem Antrag stattgegeben wird, senden wir Ihnen eine Best\u00e4tigung an die uns bekannte E-Mail-Adresse, dass die Daten nicht mehr verarbeitet werden, bis Sie die Einschr\u00e4nkung aufheben.<\/p><p><b>Recht auf \u00dcbertragbarkeit<br><\/b>Sie haben jederzeit das Recht auf Auskunft \u00fcber die von uns erhobenen oder verarbeiteten Daten, die sich auf Ihre Person beziehen oder die von einer anderen Partei auf Sie zur\u00fcckgef\u00fchrt werden k\u00f6nnen. Sie k\u00f6nnen einen entsprechenden Antrag an unseren Datenschutzbeauftragten richten. Sie erhalten innerhalb von 30 Tagen eine Antwort auf Ihren Antrag. Wenn Ihrem Antrag stattgegeben wird, senden wir Ihnen Kopien oder Abschriften aller Daten \u00fcber Sie, die wir verarbeitet haben oder die von uns durch andere Auftragsverarbeiter oder Dritte verarbeitet wurden, an die uns bekannte E-Mail-Adresse. Aller Voraussicht nach k\u00f6nnen wir in einem solchen Fall den Dienst nicht mehr fortsetzen, da die sichere Verkn\u00fcpfung der Datenbest\u00e4nde dann nicht mehr gew\u00e4hrleistet ist.<\/p><p><b>Widerspruchsrecht und andere Rechte<br><\/b> In einigen F\u00e4llen haben Sie das Recht, der Verarbeitung Ihrer personenbezogenen Daten durch oder im Namen der Verhoef Service Engineering B.V. zu widersprechen. Wenn Sie Widerspruch einlegen, werden wir die Datenverarbeitung bis zur Erledigung Ihres Widerspruchs unverz\u00fcglich einstellen. Wenn Ihr Widerspruch begr\u00fcndet ist, werden wir Ihnen Kopien und\/oder Abschriften der von uns erhobenen oder verarbeiteten Daten zur Verf\u00fcgung stellen und dann die Verarbeitung endg\u00fcltig einstellen.<\/p><p>Sie haben auch das Recht, keiner automatisierten Einzelentscheidung oder einem Profiling unterzogen zu werden. Wir verarbeiten Ihre Daten nicht in der Weise, dass dieses Recht Anwendung findet. Wenn Sie der Meinung sind, dass dies der Fall ist, wenden Sie sich bitte an unseren Datenschutzbeauftragten.<\/p><p><b>Daten einsehen, \u00e4ndern oder l\u00f6schen<br>Sie haben das Recht, Ihre personenbezogenen Daten einzusehen, zu berichtigen oder zu l\u00f6schen.<\/b> Sie k\u00f6nnen dies selbst \u00fcber die pers\u00f6nlichen Einstellungen Ihres Kontos tun. Sie haben auch das Recht, Ihre Zustimmung zur Datenverarbeitung zu widerrufen oder der Verarbeitung Ihrer personenbezogenen Daten durch unser Unternehmen zu widersprechen, und Sie haben das Recht auf Daten\u00fcbertragbarkeit. Dies bedeutet, dass Sie bei uns beantragen k\u00f6nnen, dass die personenbezogenen Daten, die wir \u00fcber Sie in einer Computerdatei gespeichert haben, an Sie oder eine andere von Ihnen genannte Organisation \u00fcbermittelt werden.<\/p><p>Wenn Sie von Ihrem Widerspruchsrecht und \/ oder Ihrem Recht auf Daten\u00fcbertragbarkeit Gebrauch machen m\u00f6chten oder wenn Sie andere Fragen \/ Anmerkungen zur Datenverarbeitung haben, senden Sie bitte eine spezifizierte Anfrage an info@technischedienstverlening.nl. Um sicherzustellen, dass der Antrag auf Dateneinsicht von Ihnen gestellt wurde, bitten wir Sie um eine Kopie Ihres Personalausweises. Auf dieser Kopie sind Passbild, MRZ (maschinenlesbare Zone, der Streifen mit Zahlen am unteren Rand des Passes), Passnummer und B\u00fcrgerservicenummer (BSN) zu schw\u00e4rzen. Dies dient dem Schutz Ihrer Privatsph\u00e4re. Die Verhoef Service Engineering B.V. wird Ihre Anfrage so schnell wie m\u00f6glich, in jedem Fall aber innerhalb von vier Wochen beantworten.<\/p><p>Die Verhoef Service Engineering B.V. m\u00f6chte Sie au\u00dferdem darauf hinweisen, dass Sie die M\u00f6glichkeit haben, bei der nationalen Aufsichtsbeh\u00f6rde, der niederl\u00e4ndischen Datenschutzbeh\u00f6rde, eine Beschwerde einzureichen. Dies ist \u00fcber den folgenden Link m\u00f6glich: https:\/\/autoriteitpersoonsgegevens.nl\/nl\/contact-met-de-autoriteit-persoonsgegevens\/tip-ons<\/p><p><b>Schutz von personenbezogenen Daten<br><\/b>Die Verhoef Service Engineering B.V. nimmt den Schutz Ihrer Daten ernst und ergreift geeignete Ma\u00dfnahmen, um Missbrauch, Verlust, unbefugten Zugriff, unerw\u00fcnschte Offenlegung und unbefugte \u00c4nderung zu verhindern. Wenn Sie den Eindruck haben, dass Ihre Daten nicht ordnungsgem\u00e4\u00df gesichert sind oder es Anzeichen f\u00fcr einen Missbrauch gibt, wenden Sie sich bitte an unseren Kundendienst oder \u00fcber info@technischedienstverlening.nl<\/p><p>Die Verhoef Service Engineering B.V. hat die folgenden Ma\u00dfnahmen zum Schutz Ihrer pers\u00f6nlichen Daten getroffen:<\/p><p>Sicherheitssoftware, wie Virenscanner und Firewall.<br>TLS (fr\u00fcher SSL) Wir versenden Ihre Daten \u00fcber eine sichere Internetverbindung. Sie erkennen dies an der Adresszeile \u201chttps\u201d und dem Vorh\u00e4ngeschloss in der Adresszeile.<br>DKIM, SPF und DMARC sind drei Internet-Standards, die wir verwenden, um zu verhindern, dass Sie in unserem Namen E-Mails erhalten, die Viren enthalten, Spam sind oder auf pers\u00f6nliche (Login-)Daten abzielen.<br>DNSSEC ist eine zus\u00e4tzliche Sicherheit (zus\u00e4tzlich zu DNS) f\u00fcr die Umwandlung einer Domain (#company_website) in die zugeh\u00f6rige IP-Adresse (Servername); sie ist mit einer digitalen Signatur versehen. Sie k\u00f6nnen diese Signatur automatisch \u00fcberpr\u00fcfen lassen. Auf diese Weise verhindern wir, dass Sie auf eine falsche IP-Adresse umgeleitet werden.<\/p><p><b>\u00c4nderung der Datenschutzerkl\u00e4rung<br><\/b>Wir behalten uns das Recht vor, unsere Datenschutzerkl\u00e4rung jederzeit zu \u00e4ndern. Sie werden jedoch immer die aktuellste Version auf dieser Seite finden. Wenn die neue Datenschutzerkl\u00e4rung Auswirkungen auf die Art und Weise hat, in der wir bereits erhobene Daten zu Ihrer Person verarbeiten, werden wir Sie per E-Mail dar\u00fcber informieren.<\/p><p>Die Verhoef Service Engineering B.V. mit Sitz in Rak 41, Westzaan (Niederlande) ist f\u00fcr die Verarbeitung der in dieser Datenschutzerkl\u00e4rung genannten personenbezogenen Daten verantwortlich.<\/p><p>Kontaktangaben:<br><strong>Verhoef Service Engineering B.V.<\/strong><br>Rak 41, 1551 NA Westzaan<br>Niederlande<\/p><p>+31 (0)75 612 25 78<\/p><p><i>G.J. Verhoef ist der Datenschutzbeauftragte der Verhoef Service Engineering B.V.<\/i><br><i>Sie erreichen ihn unter info@technischedienstverlening.nl.<\/i><\/p>\t\t\t\t\t\t\t\t<\/div>\n\t\t\t\t<\/div>\n\t\t\t\t\t<\/div>\n\t\t<\/div>\n\t\t\t\t\t<\/div>\n\t\t<\/section>\n\t\t\t\t<\/div>\n\t\t","protected":false},"excerpt":{"rendered":"<p>Datenschutzerkl\u00e4rung Die Verhoef Service Engineering B.V. legt gro\u00dfen Wert auf den Schutz Ihrer Privatsph\u00e4re. Wir verarbeiten daher nur Daten, die wir f\u00fcr die (Verbesserung) unserer Dienstleistungen ben\u00f6tigen, und wir gehen mit den Informationen, die wir \u00fcber Sie und Ihre Nutzung unserer Dienstleistungen erfasst haben, sorgf\u00e4ltig um. Wir geben Ihre Daten niemals zu kommerziellen Zwecken an [&hellip;]<\/p>\n","protected":false},"author":2,"featured_media":0,"parent":0,"menu_order":0,"comment_status":"closed","ping_status":"closed","template":"elementor_header_footer","meta":{"footnotes":""},"class_list":["post-2511","page","type-page","status-publish","hentry"],"_links":{"self":[{"href":"https:\/\/www.verhoefservice.com\/de\/wp-json\/wp\/v2\/pages\/2511","targetHints":{"allow":["GET"]}}],"collection":[{"href":"https:\/\/www.verhoefservice.com\/de\/wp-json\/wp\/v2\/pages"}],"about":[{"href":"https:\/\/www.verhoefservice.com\/de\/wp-json\/wp\/v2\/types\/page"}],"author":[{"embeddable":true,"href":"https:\/\/www.verhoefservice.com\/de\/wp-json\/wp\/v2\/users\/2"}],"replies":[{"embeddable":true,"href":"https:\/\/www.verhoefservice.com\/de\/wp-json\/wp\/v2\/comments?post=2511"}],"version-history":[{"count":0,"href":"https:\/\/www.verhoefservice.com\/de\/wp-json\/wp\/v2\/pages\/2511\/revisions"}],"wp:attachment":[{"href":"https:\/\/www.verhoefservice.com\/de\/wp-json\/wp\/v2\/media?parent=2511"}],"curies":[{"name":"wp","href":"https:\/\/api.w.org\/{rel}","templated":true}]}}