{"id":2514,"date":"2021-05-20T13:49:43","date_gmt":"2021-05-20T11:49:43","guid":{"rendered":"https:\/\/verhoef.gewoonstaging.nl\/cookies\/"},"modified":"2022-07-15T14:45:54","modified_gmt":"2022-07-15T12:45:54","slug":"cookies","status":"publish","type":"page","link":"https:\/\/www.verhoefservice.com\/de\/cookies\/","title":{"rendered":"Cookies"},"content":{"rendered":"\t\t<div data-elementor-type=\"wp-page\" data-elementor-id=\"2514\" class=\"elementor elementor-2514 elementor-1040\" data-elementor-post-type=\"page\">\n\t\t\t\t\t\t<section class=\"elementor-section elementor-top-section elementor-element elementor-element-cc7a2db elementor-section-height-min-height elementor-section-boxed elementor-section-height-default elementor-section-items-middle\" data-id=\"cc7a2db\" data-element_type=\"section\" data-e-type=\"section\">\n\t\t\t\t\t\t<div class=\"elementor-container elementor-column-gap-default\">\n\t\t\t\t\t<div class=\"elementor-column elementor-col-100 elementor-top-column elementor-element elementor-element-b783b47\" data-id=\"b783b47\" data-element_type=\"column\" data-e-type=\"column\">\n\t\t\t<div class=\"elementor-widget-wrap elementor-element-populated\">\n\t\t\t\t\t\t<div class=\"elementor-element elementor-element-618dd23 elementor-widget elementor-widget-heading\" data-id=\"618dd23\" data-element_type=\"widget\" data-e-type=\"widget\" data-widget_type=\"heading.default\">\n\t\t\t\t<div class=\"elementor-widget-container\">\n\t\t\t\t\t<h2 class=\"elementor-heading-title elementor-size-default\">Cookies<\/h2>\t\t\t\t<\/div>\n\t\t\t\t<\/div>\n\t\t\t\t\t<\/div>\n\t\t<\/div>\n\t\t\t\t\t<\/div>\n\t\t<\/section>\n\t\t\t\t<section class=\"elementor-section elementor-top-section elementor-element elementor-element-975ed48 elementor-section-boxed elementor-section-height-default elementor-section-height-default\" data-id=\"975ed48\" data-element_type=\"section\" data-e-type=\"section\">\n\t\t\t\t\t\t<div class=\"elementor-container elementor-column-gap-default\">\n\t\t\t\t\t<div class=\"elementor-column elementor-col-100 elementor-top-column elementor-element elementor-element-ffe4761\" data-id=\"ffe4761\" data-element_type=\"column\" data-e-type=\"column\">\n\t\t\t<div class=\"elementor-widget-wrap elementor-element-populated\">\n\t\t\t\t\t\t<div class=\"elementor-element elementor-element-13cc779 elementor-widget elementor-widget-spacer\" data-id=\"13cc779\" data-element_type=\"widget\" data-e-type=\"widget\" data-widget_type=\"spacer.default\">\n\t\t\t\t<div class=\"elementor-widget-container\">\n\t\t\t\t\t\t\t<div class=\"elementor-spacer\">\n\t\t\t<div class=\"elementor-spacer-inner\"><\/div>\n\t\t<\/div>\n\t\t\t\t\t\t<\/div>\n\t\t\t\t<\/div>\n\t\t\t\t<div class=\"elementor-element elementor-element-275c369 elementor-widget elementor-widget-text-editor\" data-id=\"275c369\" data-element_type=\"widget\" data-e-type=\"widget\" data-widget_type=\"text-editor.default\">\n\t\t\t\t<div class=\"elementor-widget-container\">\n\t\t\t\t\t\t\t\t\t<p>Die Verhoef Service Engineering BV verwendet funktionale, analytische und Tracking-Cookies. Ein Cookie ist eine kleine Textdatei, die im Browser Ihres Computers, Tablets oder Smartphones gespeichert wird, wenn Sie diese Website zum ersten Mal besuchen. Die Verhoef Service Engineering BV verwendet u.a. Cookies mit einer rein technischen Funktion. Diese Cookies stellen sicher, dass die Website ordnungsgem\u00e4\u00df funktioniert und dass Ihre Pr\u00e4ferenzen gespeichert werden. Sie werden zur Oprtimierung der Website verwendet. Wir verwenden auch Cookies, die Ihr Surfverhalten auf dieser Website verfolgen, damit wir Ihnen personalisierte Inhalte und Werbung zeigen k\u00f6nnen. Bei Ihrem ersten Besuch dieser Website wurden Sie bereits \u00fcber diese Cookies informiert, und haben wir Sie um Ihr Einverst\u00e4ndnis gebeten, sie zu installieren. Sie k\u00f6nnen Cookies deaktivieren, indem Sie die Einstellungen Ihres Internetbrowsers \u00e4ndern. Sie k\u00f6nnen auch alle zuvor gespeicherten Informationen in diesen Browser-Einstellungen l\u00f6schen.<\/p>\t\t\t\t\t\t\t\t<\/div>\n\t\t\t\t<\/div>\n\t\t\t\t\t<\/div>\n\t\t<\/div>\n\t\t\t\t\t<\/div>\n\t\t<\/section>\n\t\t\t\t<\/div>\n\t\t","protected":false},"excerpt":{"rendered":"<p>Cookies Die Verhoef Service Engineering BV verwendet funktionale, analytische und Tracking-Cookies. Ein Cookie ist eine kleine Textdatei, die im Browser Ihres Computers, Tablets oder Smartphones gespeichert wird, wenn Sie diese Website zum ersten Mal besuchen. Die Verhoef Service Engineering BV verwendet u.a. Cookies mit einer rein technischen Funktion. Diese Cookies stellen sicher, dass die Website [&hellip;]<\/p>\n","protected":false},"author":2,"featured_media":0,"parent":0,"menu_order":0,"comment_status":"closed","ping_status":"closed","template":"elementor_header_footer","meta":{"footnotes":""},"class_list":["post-2514","page","type-page","status-publish","hentry"],"_links":{"self":[{"href":"https:\/\/www.verhoefservice.com\/de\/wp-json\/wp\/v2\/pages\/2514","targetHints":{"allow":["GET"]}}],"collection":[{"href":"https:\/\/www.verhoefservice.com\/de\/wp-json\/wp\/v2\/pages"}],"about":[{"href":"https:\/\/www.verhoefservice.com\/de\/wp-json\/wp\/v2\/types\/page"}],"author":[{"embeddable":true,"href":"https:\/\/www.verhoefservice.com\/de\/wp-json\/wp\/v2\/users\/2"}],"replies":[{"embeddable":true,"href":"https:\/\/www.verhoefservice.com\/de\/wp-json\/wp\/v2\/comments?post=2514"}],"version-history":[{"count":0,"href":"https:\/\/www.verhoefservice.com\/de\/wp-json\/wp\/v2\/pages\/2514\/revisions"}],"wp:attachment":[{"href":"https:\/\/www.verhoefservice.com\/de\/wp-json\/wp\/v2\/media?parent=2514"}],"curies":[{"name":"wp","href":"https:\/\/api.w.org\/{rel}","templated":true}]}}